{"id":975,"date":"2017-03-09T13:06:36","date_gmt":"2017-03-09T13:06:36","guid":{"rendered":"http:\/\/www.aearraiolos.net\/?page_id=975"},"modified":"2024-11-12T11:47:25","modified_gmt":"2024-11-12T11:47:25","slug":"equipa-centro-qualifica","status":"publish","type":"page","link":"https:\/\/www.aearraiolos.net\/?page_id=975","title":{"rendered":"Equipa Centro Qualifica"},"content":{"rendered":"<p><a href=\"https:\/\/www.aearraiolos.net\/wp-content\/uploads\/2017\/03\/Centro-Qualifica-Arriolos.jpg\"><img loading=\"lazy\" decoding=\"async\" class=\"wp-image-988 aligncenter\" src=\"https:\/\/www.aearraiolos.net\/wp-content\/uploads\/2017\/03\/Centro-Qualifica-Arriolos.jpg\" alt=\"\" width=\"189\" height=\"140\" \/><\/a><\/p>\n<p><strong>Diretor:<\/strong> Hermenegildo Domingos dos Santos Pateiro \u2013 <a href=\"mailto:hpateiro@aearraiolos.net\">hpateiro@aearraiolos.net<\/a><\/p>\n<p><strong>Coordenador:<\/strong> Ana Paula Veloso Ribeiro \u2013 <a href=\"mailto:centroqualifica@aearraiolos.net\">centroqualifica@aearraiolos.net<\/a><\/p>\n<p><strong>T\u00e9cnicos de Orienta\u00e7\u00e3o, Reconhecimento e Valida\u00e7\u00e3o<\/strong><\/p>\n<p><strong>TORVC<\/strong> \u2013 Maria Catarina Pequito Delgado \u2013 <a href=\"mailto:mdelgado@aearraiolos.net\">mdelgado@aearraiolos.net<\/a><\/p>\n<p><strong>Formadores:<\/strong><\/p>\n<p>Isabel Maria Concei\u00e7ao Ferreira de Matos Dias \u2013<a href=\"mailto:idias@aearraiolos.net\"> idias@aearraiolos.net<\/a><\/p>\n<p>Carlos Ant\u00f3nio Godinho Cola\u00e7o \u2013 <a href=\"mailto:ilopes@aearraiolos.net\">ccolaco@aearraiolos.net<\/a><\/p>\n<p>Ludgero Jos\u00e9 Faleiro Serrano &#8211; <a href=\"mailto:lserrano@aearraiolos.net\">lserrano@aearraiolos.net<\/a><\/p>\n<p>S\u00f3nia Jos\u00e9 Batista Antunes &#8211; <a href=\"mailto:vhortinha@aearraiolos.net\">santunes@aearraiolos.net<\/a><\/p>\n<p>Dora Isabel Canelas Pequito &#8211; <a href=\"mailto:mpires@aearraiolos.net\">dpequito@aearraiolos.net<\/a><\/p>\n<p><span style=\"font-size: revert;\">C\u00e1tia Patr\u00edcia Arcado Roque- <a href=\"mailto:mconde@aearraiolos.net\">croque@aearraiolos.net<\/a><\/span><\/p>\n<p>Isabel Maria Henriques Oliveira Correia &#8211; <a href=\"mailto:ptomasio@aearraiolos.net\">icorreia@aearraiolos.net<\/a><\/p>\n<p>In\u00eas Maria Comendinha Fortes Pequito &#8211; <a href=\"mailto:ptomasio@aearraiolos.net\">impequito@aearraiolos.net<\/a><\/p>\n<p>Ivo Miguel Direitinho Rego &#8211; <a href=\"mailto:ptomasio@aearraiolos.net\">irego@aearraiolos.net<\/a><\/p>\n<p>Maria Jos\u00e9 Carvalho Banha Grosso &#8211; <a href=\"mailto:ptomasio@aearraiolos.net\">mgrosso@aearraiolos.net<\/a><\/p>\n<p>Olinda Maria Carvalho Abreu &#8211; <a href=\"mailto:ptomasio@aearraiolos.net\">oabreu@aearraiolos.net<\/a><\/p>\n<p>Paula Maria Sim\u00e3o Vaz Antunes &#8211; <a href=\"mailto:ptomasio@aearraiolos.net\">pantunes@aearraiolos.net<\/a><\/p>\n<p>S\u00e9rgio Filipe Lopes Nunes &#8211; <a href=\"mailto:ptomasio@aearraiolos.net\">snunes@aearraiolos.net<\/a><\/p>\n","protected":false},"excerpt":{"rendered":"<p>Diretor: Hermenegildo Domingos dos Santos Pateiro \u2013 hpateiro@aearraiolos.net Coordenador: Ana Paula Veloso Ribeiro \u2013 centroqualifica@aearraiolos.net T\u00e9cnicos de Orienta\u00e7\u00e3o, Reconhecimento e Valida\u00e7\u00e3o TORVC \u2013 Maria Catarina Pequito Delgado \u2013 mdelgado@aearraiolos.net Formadores: Isabel Maria Concei\u00e7ao Ferreira de Matos Dias \u2013 idias@aearraiolos.net Carlos &hellip; <a href=\"https:\/\/www.aearraiolos.net\/?page_id=975\">Continuar a ler <span class=\"meta-nav\">&rarr;<\/span><\/a><\/p>\n","protected":false},"author":1,"featured_media":0,"parent":971,"menu_order":0,"comment_status":"closed","ping_status":"closed","template":"","meta":{"_crdt_document":"","footnotes":""},"class_list":["post-975","page","type-page","status-publish","hentry"],"_links":{"self":[{"href":"https:\/\/www.aearraiolos.net\/index.php?rest_route=\/wp\/v2\/pages\/975","targetHints":{"allow":["GET"]}}],"collection":[{"href":"https:\/\/www.aearraiolos.net\/index.php?rest_route=\/wp\/v2\/pages"}],"about":[{"href":"https:\/\/www.aearraiolos.net\/index.php?rest_route=\/wp\/v2\/types\/page"}],"author":[{"embeddable":true,"href":"https:\/\/www.aearraiolos.net\/index.php?rest_route=\/wp\/v2\/users\/1"}],"replies":[{"embeddable":true,"href":"https:\/\/www.aearraiolos.net\/index.php?rest_route=%2Fwp%2Fv2%2Fcomments&post=975"}],"version-history":[{"count":18,"href":"https:\/\/www.aearraiolos.net\/index.php?rest_route=\/wp\/v2\/pages\/975\/revisions"}],"predecessor-version":[{"id":4806,"href":"https:\/\/www.aearraiolos.net\/index.php?rest_route=\/wp\/v2\/pages\/975\/revisions\/4806"}],"up":[{"embeddable":true,"href":"https:\/\/www.aearraiolos.net\/index.php?rest_route=\/wp\/v2\/pages\/971"}],"wp:attachment":[{"href":"https:\/\/www.aearraiolos.net\/index.php?rest_route=%2Fwp%2Fv2%2Fmedia&parent=975"}],"curies":[{"name":"wp","href":"https:\/\/api.w.org\/{rel}","templated":true}]}}