{"id":5064,"date":"2025-04-04T11:44:16","date_gmt":"2025-04-04T11:44:16","guid":{"rendered":"https:\/\/www.aearraiolos.net\/?page_id=5064"},"modified":"2025-04-04T12:04:55","modified_gmt":"2025-04-04T12:04:55","slug":"programador-de-informatica","status":"publish","type":"page","link":"https:\/\/www.aearraiolos.net\/?page_id=5064","title":{"rendered":"Programador de Inform\u00e1tica"},"content":{"rendered":"\n<figure class=\"wp-block-image size-full\"><a href=\"https:\/\/www.aearraiolos.net\/wp-content\/uploads\/2025\/04\/Tecnico-Profissional-de-Programador-Informatica.png\"><img loading=\"lazy\" decoding=\"async\" width=\"803\" height=\"435\" src=\"https:\/\/www.aearraiolos.net\/wp-content\/uploads\/2025\/04\/Tecnico-Profissional-de-Programador-Informatica.png\" alt=\"\" class=\"wp-image-5079\" srcset=\"https:\/\/www.aearraiolos.net\/wp-content\/uploads\/2025\/04\/Tecnico-Profissional-de-Programador-Informatica.png 803w, https:\/\/www.aearraiolos.net\/wp-content\/uploads\/2025\/04\/Tecnico-Profissional-de-Programador-Informatica-300x163.png 300w, https:\/\/www.aearraiolos.net\/wp-content\/uploads\/2025\/04\/Tecnico-Profissional-de-Programador-Informatica-768x416.png 768w, https:\/\/www.aearraiolos.net\/wp-content\/uploads\/2025\/04\/Tecnico-Profissional-de-Programador-Informatica-500x271.png 500w\" sizes=\"auto, (max-width: 803px) 100vw, 803px\" \/><\/a><\/figure>\n\n\n\n<p class=\"wp-block-paragraph\"><strong>\u00c1rea de Educa\u00e7\u00e3o e Forma\u00e7\u00e3o:<\/strong>&nbsp;481 &#8211; Ci\u00eancias Inform\u00e1ticas<\/p>\n\n\n\n<p class=\"wp-block-paragraph\"><strong>Pontos de Cr\u00e9dito:<\/strong>&nbsp;193,50<\/p>\n\n\n\n<p class=\"wp-block-paragraph\"><strong>Descri\u00e7\u00e3o da Qualifica\u00e7\u00e3o:<\/strong>&nbsp;Efetuar a an\u00e1lise de sistemas, a gest\u00e3o de base de dados, desenvolver aplica\u00e7\u00f5es e proceder \u00e0 instala\u00e7\u00e3o e manuten\u00e7\u00e3o de equipamentos e aplica\u00e7\u00f5es inform\u00e1ticas de escrit\u00f3rio, utilit\u00e1rios e de gest\u00e3o, assegurando a otimiza\u00e7\u00e3o do seu funcionamento e respeitando as normas de seguran\u00e7a, higiene e sa\u00fade no trabalho e de prote\u00e7\u00e3o do ambiente.<\/p>\n","protected":false},"excerpt":{"rendered":"<p>\u00c1rea de Educa\u00e7\u00e3o e Forma\u00e7\u00e3o:&nbsp;481 &#8211; Ci\u00eancias Inform\u00e1ticas Pontos de Cr\u00e9dito:&nbsp;193,50 Descri\u00e7\u00e3o da Qualifica\u00e7\u00e3o:&nbsp;Efetuar a an\u00e1lise de sistemas, a gest\u00e3o de base de dados, desenvolver aplica\u00e7\u00f5es e proceder \u00e0 instala\u00e7\u00e3o e manuten\u00e7\u00e3o de equipamentos e aplica\u00e7\u00f5es inform\u00e1ticas de escrit\u00f3rio, utilit\u00e1rios &hellip; <a href=\"https:\/\/www.aearraiolos.net\/?page_id=5064\">Continuar a ler <span class=\"meta-nav\">&rarr;<\/span><\/a><\/p>\n","protected":false},"author":1,"featured_media":0,"parent":0,"menu_order":0,"comment_status":"closed","ping_status":"closed","template":"","meta":{"_crdt_document":"","footnotes":""},"class_list":["post-5064","page","type-page","status-publish","hentry"],"_links":{"self":[{"href":"https:\/\/www.aearraiolos.net\/index.php?rest_route=\/wp\/v2\/pages\/5064","targetHints":{"allow":["GET"]}}],"collection":[{"href":"https:\/\/www.aearraiolos.net\/index.php?rest_route=\/wp\/v2\/pages"}],"about":[{"href":"https:\/\/www.aearraiolos.net\/index.php?rest_route=\/wp\/v2\/types\/page"}],"author":[{"embeddable":true,"href":"https:\/\/www.aearraiolos.net\/index.php?rest_route=\/wp\/v2\/users\/1"}],"replies":[{"embeddable":true,"href":"https:\/\/www.aearraiolos.net\/index.php?rest_route=%2Fwp%2Fv2%2Fcomments&post=5064"}],"version-history":[{"count":3,"href":"https:\/\/www.aearraiolos.net\/index.php?rest_route=\/wp\/v2\/pages\/5064\/revisions"}],"predecessor-version":[{"id":5080,"href":"https:\/\/www.aearraiolos.net\/index.php?rest_route=\/wp\/v2\/pages\/5064\/revisions\/5080"}],"wp:attachment":[{"href":"https:\/\/www.aearraiolos.net\/index.php?rest_route=%2Fwp%2Fv2%2Fmedia&parent=5064"}],"curies":[{"name":"wp","href":"https:\/\/api.w.org\/{rel}","templated":true}]}}