{"id":5062,"date":"2025-04-04T11:43:36","date_gmt":"2025-04-04T11:43:36","guid":{"rendered":"https:\/\/www.aearraiolos.net\/?page_id=5062"},"modified":"2025-04-04T12:04:25","modified_gmt":"2025-04-04T12:04:25","slug":"tecnico-de-logistica-e-distribuicao","status":"publish","type":"page","link":"https:\/\/www.aearraiolos.net\/?page_id=5062","title":{"rendered":"T\u00e9cnico de Log\u00edstica e Distribui\u00e7\u00e3o"},"content":{"rendered":"\n<figure class=\"wp-block-image size-full\"><a href=\"https:\/\/www.aearraiolos.net\/wp-content\/uploads\/2025\/04\/Tecnico-Profissional-de-Logistica.png\"><img loading=\"lazy\" decoding=\"async\" width=\"826\" height=\"399\" src=\"https:\/\/www.aearraiolos.net\/wp-content\/uploads\/2025\/04\/Tecnico-Profissional-de-Logistica.png\" alt=\"\" class=\"wp-image-5076\" srcset=\"https:\/\/www.aearraiolos.net\/wp-content\/uploads\/2025\/04\/Tecnico-Profissional-de-Logistica.png 826w, https:\/\/www.aearraiolos.net\/wp-content\/uploads\/2025\/04\/Tecnico-Profissional-de-Logistica-300x145.png 300w, https:\/\/www.aearraiolos.net\/wp-content\/uploads\/2025\/04\/Tecnico-Profissional-de-Logistica-768x371.png 768w, https:\/\/www.aearraiolos.net\/wp-content\/uploads\/2025\/04\/Tecnico-Profissional-de-Logistica-500x242.png 500w\" sizes=\"auto, (max-width: 826px) 100vw, 826px\" \/><\/a><\/figure>\n\n\n\n<p class=\"wp-block-paragraph\"><strong>\u00c1rea de Educa\u00e7\u00e3o e Forma\u00e7\u00e3o:<\/strong>&nbsp;341 &#8211; Com\u00e9rcio<\/p>\n\n\n\n<p class=\"wp-block-paragraph\"><strong>Pontos de Cr\u00e9dito:<\/strong>&nbsp;186,75<\/p>\n\n\n\n<p class=\"wp-block-paragraph\"><strong>Descri\u00e7\u00e3o da Qualifica\u00e7\u00e3o:<\/strong>&nbsp;Assegurar o adequado funcionamento das atividades log\u00edsticas da empresa, contribuindo para a otimiza\u00e7\u00e3o dos fluxos de informa\u00e7\u00e3o, servi\u00e7os, mat\u00e9rias-primas, bem como produtos acabados, tendo em conta as normas de qualidade, higiene, seguran\u00e7a e ambiente no trabalho.<\/p>\n","protected":false},"excerpt":{"rendered":"<p>\u00c1rea de Educa\u00e7\u00e3o e Forma\u00e7\u00e3o:&nbsp;341 &#8211; Com\u00e9rcio Pontos de Cr\u00e9dito:&nbsp;186,75 Descri\u00e7\u00e3o da Qualifica\u00e7\u00e3o:&nbsp;Assegurar o adequado funcionamento das atividades log\u00edsticas da empresa, contribuindo para a otimiza\u00e7\u00e3o dos fluxos de informa\u00e7\u00e3o, servi\u00e7os, mat\u00e9rias-primas, bem como produtos acabados, tendo em conta as normas &hellip; <a href=\"https:\/\/www.aearraiolos.net\/?page_id=5062\">Continuar a ler <span class=\"meta-nav\">&rarr;<\/span><\/a><\/p>\n","protected":false},"author":1,"featured_media":0,"parent":0,"menu_order":0,"comment_status":"closed","ping_status":"closed","template":"","meta":{"_crdt_document":"","footnotes":""},"class_list":["post-5062","page","type-page","status-publish","hentry"],"_links":{"self":[{"href":"https:\/\/www.aearraiolos.net\/index.php?rest_route=\/wp\/v2\/pages\/5062","targetHints":{"allow":["GET"]}}],"collection":[{"href":"https:\/\/www.aearraiolos.net\/index.php?rest_route=\/wp\/v2\/pages"}],"about":[{"href":"https:\/\/www.aearraiolos.net\/index.php?rest_route=\/wp\/v2\/types\/page"}],"author":[{"embeddable":true,"href":"https:\/\/www.aearraiolos.net\/index.php?rest_route=\/wp\/v2\/users\/1"}],"replies":[{"embeddable":true,"href":"https:\/\/www.aearraiolos.net\/index.php?rest_route=%2Fwp%2Fv2%2Fcomments&post=5062"}],"version-history":[{"count":4,"href":"https:\/\/www.aearraiolos.net\/index.php?rest_route=\/wp\/v2\/pages\/5062\/revisions"}],"predecessor-version":[{"id":5078,"href":"https:\/\/www.aearraiolos.net\/index.php?rest_route=\/wp\/v2\/pages\/5062\/revisions\/5078"}],"wp:attachment":[{"href":"https:\/\/www.aearraiolos.net\/index.php?rest_route=%2Fwp%2Fv2%2Fmedia&parent=5062"}],"curies":[{"name":"wp","href":"https:\/\/api.w.org\/{rel}","templated":true}]}}