{"id":5057,"date":"2025-04-04T11:41:16","date_gmt":"2025-04-04T11:41:16","guid":{"rendered":"https:\/\/www.aearraiolos.net\/?page_id=5057"},"modified":"2025-04-04T12:02:58","modified_gmt":"2025-04-04T12:02:58","slug":"tecnico-de-vitivinicultura","status":"publish","type":"page","link":"https:\/\/www.aearraiolos.net\/?page_id=5057","title":{"rendered":"T\u00e9cnico de Vitivinicultura"},"content":{"rendered":"\n<figure class=\"wp-block-image size-full\"><a href=\"https:\/\/www.aearraiolos.net\/wp-content\/uploads\/2025\/04\/Tecnico-Profissional-de-Vitivinicultura.png\"><img loading=\"lazy\" decoding=\"async\" width=\"950\" height=\"415\" src=\"https:\/\/www.aearraiolos.net\/wp-content\/uploads\/2025\/04\/Tecnico-Profissional-de-Vitivinicultura.png\" alt=\"\" class=\"wp-image-5072\" srcset=\"https:\/\/www.aearraiolos.net\/wp-content\/uploads\/2025\/04\/Tecnico-Profissional-de-Vitivinicultura.png 950w, https:\/\/www.aearraiolos.net\/wp-content\/uploads\/2025\/04\/Tecnico-Profissional-de-Vitivinicultura-300x131.png 300w, https:\/\/www.aearraiolos.net\/wp-content\/uploads\/2025\/04\/Tecnico-Profissional-de-Vitivinicultura-768x335.png 768w, https:\/\/www.aearraiolos.net\/wp-content\/uploads\/2025\/04\/Tecnico-Profissional-de-Vitivinicultura-500x218.png 500w\" sizes=\"auto, (max-width: 950px) 100vw, 950px\" \/><\/a><\/figure>\n\n\n\n<p class=\"wp-block-paragraph\"><strong>\u00c1rea de Educa\u00e7\u00e3o e Forma\u00e7\u00e3o:<\/strong>\u00a0621 &#8211; Produ\u00e7\u00e3o Agr\u00edcola e Animal<\/p>\n\n\n\n<p class=\"wp-block-paragraph\"><strong>Pontos de Cr\u00e9dito:<\/strong>\u00a0198,00<\/p>\n\n\n\n<p class=\"wp-block-paragraph\"><strong>Descri\u00e7\u00e3o da Qualifica\u00e7\u00e3o:<\/strong>\u00a0Orientar e intervir em todas as opera\u00e7\u00f5es desde a cultura da vinha at\u00e9 ao engarrafamento, incluindo a colheita de uvas, os processos de vinifica\u00e7\u00e3o, armazenamento e envelhecimento, respeitando e implementando todas as pr\u00e1ticas necess\u00e1rias para garantir a qualidade do vinho.<\/p>\n","protected":false},"excerpt":{"rendered":"<p>\u00c1rea de Educa\u00e7\u00e3o e Forma\u00e7\u00e3o:\u00a0621 &#8211; Produ\u00e7\u00e3o Agr\u00edcola e Animal Pontos de Cr\u00e9dito:\u00a0198,00 Descri\u00e7\u00e3o da Qualifica\u00e7\u00e3o:\u00a0Orientar e intervir em todas as opera\u00e7\u00f5es desde a cultura da vinha at\u00e9 ao engarrafamento, incluindo a colheita de uvas, os processos de vinifica\u00e7\u00e3o, armazenamento &hellip; <a href=\"https:\/\/www.aearraiolos.net\/?page_id=5057\">Continuar a ler <span class=\"meta-nav\">&rarr;<\/span><\/a><\/p>\n","protected":false},"author":1,"featured_media":0,"parent":0,"menu_order":0,"comment_status":"closed","ping_status":"closed","template":"","meta":{"_crdt_document":"","footnotes":""},"class_list":["post-5057","page","type-page","status-publish","hentry"],"_links":{"self":[{"href":"https:\/\/www.aearraiolos.net\/index.php?rest_route=\/wp\/v2\/pages\/5057","targetHints":{"allow":["GET"]}}],"collection":[{"href":"https:\/\/www.aearraiolos.net\/index.php?rest_route=\/wp\/v2\/pages"}],"about":[{"href":"https:\/\/www.aearraiolos.net\/index.php?rest_route=\/wp\/v2\/types\/page"}],"author":[{"embeddable":true,"href":"https:\/\/www.aearraiolos.net\/index.php?rest_route=\/wp\/v2\/users\/1"}],"replies":[{"embeddable":true,"href":"https:\/\/www.aearraiolos.net\/index.php?rest_route=%2Fwp%2Fv2%2Fcomments&post=5057"}],"version-history":[{"count":4,"href":"https:\/\/www.aearraiolos.net\/index.php?rest_route=\/wp\/v2\/pages\/5057\/revisions"}],"predecessor-version":[{"id":5073,"href":"https:\/\/www.aearraiolos.net\/index.php?rest_route=\/wp\/v2\/pages\/5057\/revisions\/5073"}],"wp:attachment":[{"href":"https:\/\/www.aearraiolos.net\/index.php?rest_route=%2Fwp%2Fv2%2Fmedia&parent=5057"}],"curies":[{"name":"wp","href":"https:\/\/api.w.org\/{rel}","templated":true}]}}