{"id":3733,"date":"2022-09-19T11:13:54","date_gmt":"2022-09-19T11:13:54","guid":{"rendered":"https:\/\/www.aearraiolos.net\/?page_id=3733"},"modified":"2023-04-19T19:29:37","modified_gmt":"2023-04-19T19:29:37","slug":"clube-ciencia-viva-na-escola","status":"publish","type":"page","link":"https:\/\/www.aearraiolos.net\/?page_id=3733","title":{"rendered":"Clube de Ci\u00eancia Viva"},"content":{"rendered":"\n<figure class=\"wp-block-image size-large\"><a href=\"https:\/\/www.aearraiolos.net\/wp-content\/uploads\/2023\/02\/CCV-png.png\"><img loading=\"lazy\" decoding=\"async\" width=\"1024\" height=\"952\" src=\"https:\/\/www.aearraiolos.net\/wp-content\/uploads\/2023\/02\/CCV-png-1024x952.png\" alt=\"\" class=\"wp-image-3945\" srcset=\"https:\/\/www.aearraiolos.net\/wp-content\/uploads\/2023\/02\/CCV-png-1024x952.png 1024w, https:\/\/www.aearraiolos.net\/wp-content\/uploads\/2023\/02\/CCV-png-300x279.png 300w, https:\/\/www.aearraiolos.net\/wp-content\/uploads\/2023\/02\/CCV-png-768x714.png 768w, https:\/\/www.aearraiolos.net\/wp-content\/uploads\/2023\/02\/CCV-png-1536x1428.png 1536w, https:\/\/www.aearraiolos.net\/wp-content\/uploads\/2023\/02\/CCV-png-2048x1904.png 2048w, https:\/\/www.aearraiolos.net\/wp-content\/uploads\/2023\/02\/CCV-png-323x300.png 323w\" sizes=\"auto, (max-width: 1024px) 100vw, 1024px\" \/><\/a><\/figure>\n\n\n\n<figure class=\"wp-block-image size-full\"><a href=\"https:\/\/www.aearraiolos.net\/wp-content\/uploads\/2022\/09\/cc_cartaz.jpg\"><img loading=\"lazy\" decoding=\"async\" width=\"637\" height=\"905\" src=\"https:\/\/www.aearraiolos.net\/wp-content\/uploads\/2022\/09\/cc_cartaz.jpg\" alt=\"\" class=\"wp-image-3755\" srcset=\"https:\/\/www.aearraiolos.net\/wp-content\/uploads\/2022\/09\/cc_cartaz.jpg 637w, https:\/\/www.aearraiolos.net\/wp-content\/uploads\/2022\/09\/cc_cartaz-211x300.jpg 211w\" sizes=\"auto, (max-width: 637px) 100vw, 637px\" \/><\/a><\/figure>\n\n\n\n<p class=\"wp-block-paragraph\">O clube funciona todos as 4\u00aaf&nbsp; a partir das 14h15 para mais informa\u00e7\u00f5es consulte o <a href=\"https:\/\/www.aearraiolos.net\/wp-content\/uploads\/2022\/09\/Folheto-CCVnE-Arraiolos-2223.pdf\" data-type=\"URL\" data-id=\"https:\/\/www.aearraiolos.net\/wp-content\/uploads\/2022\/09\/Folheto-CCVnE-Arraiolos-2223.pdf\">Folheto Informativo<\/a>.<\/p>\n\n\n\n<p class=\"wp-block-paragraph\"><a href=\"https:\/\/forms.gle\/diz9L9FnyRAKndoV7\">Inscri\u00e7\u00e3o para alunos do Pr\u00e9-escolar e 1\u00ba Ciclo<\/a><\/p>\n\n\n\n<p class=\"wp-block-paragraph\"><a href=\"https:\/\/forms.gle\/JVDjRoWNmiCgXUTq8\">Inscri\u00e7\u00e3o para alunos do EB 2,3\/ ES<\/a><\/p>\n","protected":false},"excerpt":{"rendered":"<p>O clube funciona todos as 4\u00aaf&nbsp; a partir das 14h15 para mais informa\u00e7\u00f5es consulte o Folheto Informativo. Inscri\u00e7\u00e3o para alunos do Pr\u00e9-escolar e 1\u00ba Ciclo Inscri\u00e7\u00e3o para alunos do EB 2,3\/ ES<\/p>\n","protected":false},"author":1,"featured_media":0,"parent":0,"menu_order":0,"comment_status":"closed","ping_status":"closed","template":"","meta":{"_crdt_document":"","footnotes":""},"class_list":["post-3733","page","type-page","status-publish","hentry"],"_links":{"self":[{"href":"https:\/\/www.aearraiolos.net\/index.php?rest_route=\/wp\/v2\/pages\/3733","targetHints":{"allow":["GET"]}}],"collection":[{"href":"https:\/\/www.aearraiolos.net\/index.php?rest_route=\/wp\/v2\/pages"}],"about":[{"href":"https:\/\/www.aearraiolos.net\/index.php?rest_route=\/wp\/v2\/types\/page"}],"author":[{"embeddable":true,"href":"https:\/\/www.aearraiolos.net\/index.php?rest_route=\/wp\/v2\/users\/1"}],"replies":[{"embeddable":true,"href":"https:\/\/www.aearraiolos.net\/index.php?rest_route=%2Fwp%2Fv2%2Fcomments&post=3733"}],"version-history":[{"count":6,"href":"https:\/\/www.aearraiolos.net\/index.php?rest_route=\/wp\/v2\/pages\/3733\/revisions"}],"predecessor-version":[{"id":4049,"href":"https:\/\/www.aearraiolos.net\/index.php?rest_route=\/wp\/v2\/pages\/3733\/revisions\/4049"}],"wp:attachment":[{"href":"https:\/\/www.aearraiolos.net\/index.php?rest_route=%2Fwp%2Fv2%2Fmedia&parent=3733"}],"curies":[{"name":"wp","href":"https:\/\/api.w.org\/{rel}","templated":true}]}}