{"id":22,"date":"2015-01-27T14:46:52","date_gmt":"2015-01-27T14:46:52","guid":{"rendered":"http:\/\/www.aearraiolos.net\/?page_id=22"},"modified":"2025-07-22T10:04:28","modified_gmt":"2025-07-22T10:04:28","slug":"oferta-formativa","status":"publish","type":"page","link":"https:\/\/www.aearraiolos.net\/?page_id=22","title":{"rendered":"Oferta Formativa"},"content":{"rendered":"\n<figure class=\"wp-block-image size-large\"><a href=\"https:\/\/www.aearraiolos.net\/wp-content\/uploads\/2025\/07\/Oferta-Formativa-25-26.png\"><img loading=\"lazy\" decoding=\"async\" width=\"1024\" height=\"724\" src=\"https:\/\/www.aearraiolos.net\/wp-content\/uploads\/2025\/07\/Oferta-Formativa-25-26-1024x724.png\" alt=\"\" class=\"wp-image-5235\" srcset=\"https:\/\/www.aearraiolos.net\/wp-content\/uploads\/2025\/07\/Oferta-Formativa-25-26-1024x724.png 1024w, https:\/\/www.aearraiolos.net\/wp-content\/uploads\/2025\/07\/Oferta-Formativa-25-26-300x212.png 300w, https:\/\/www.aearraiolos.net\/wp-content\/uploads\/2025\/07\/Oferta-Formativa-25-26-768x543.png 768w, https:\/\/www.aearraiolos.net\/wp-content\/uploads\/2025\/07\/Oferta-Formativa-25-26-1536x1086.png 1536w, https:\/\/www.aearraiolos.net\/wp-content\/uploads\/2025\/07\/Oferta-Formativa-25-26-2048x1448.png 2048w, https:\/\/www.aearraiolos.net\/wp-content\/uploads\/2025\/07\/Oferta-Formativa-25-26-424x300.png 424w\" sizes=\"auto, (max-width: 1024px) 100vw, 1024px\" \/><\/a><\/figure>\n\n\n\n<h1 class=\"wp-block-heading\">Ensino Profissional<\/h1>\n\n\n\n<p class=\"wp-block-paragraph\"><a href=\"https:\/\/www.aearraiolos.net\/?page_id=5057\" data-type=\"link\" data-id=\"https:\/\/www.aearraiolos.net\/?page_id=5057\">T\u00e9cnico de Vitivinicultura<\/a> &#8211; <a href=\"https:\/\/www.aearraiolos.net\/?page_id=5060\" data-type=\"link\" data-id=\"https:\/\/www.aearraiolos.net\/?page_id=5060\">T\u00e9cnico de Agropecu\u00e1ria<\/a> &#8211; <a href=\"https:\/\/www.aearraiolos.net\/?page_id=5062\" data-type=\"link\" data-id=\"https:\/\/www.aearraiolos.net\/?page_id=5062\">T\u00e9cnico de Log\u00edstica e Distribui\u00e7\u00e3o<\/a> &#8211; <a href=\"https:\/\/www.aearraiolos.net\/?page_id=5064\" data-type=\"link\" data-id=\"https:\/\/www.aearraiolos.net\/?page_id=5064\">Programador de Inform\u00e1tica<\/a><\/p>\n\n\n\n<p class=\"wp-block-paragraph\"><\/p>\n","protected":false},"excerpt":{"rendered":"<p>Ensino Profissional T\u00e9cnico de Vitivinicultura &#8211; T\u00e9cnico de Agropecu\u00e1ria &#8211; T\u00e9cnico de Log\u00edstica e Distribui\u00e7\u00e3o &#8211; Programador de Inform\u00e1tica<\/p>\n","protected":false},"author":1,"featured_media":0,"parent":0,"menu_order":0,"comment_status":"closed","ping_status":"closed","template":"","meta":{"_crdt_document":"","footnotes":""},"class_list":["post-22","page","type-page","status-publish","hentry"],"_links":{"self":[{"href":"https:\/\/www.aearraiolos.net\/index.php?rest_route=\/wp\/v2\/pages\/22","targetHints":{"allow":["GET"]}}],"collection":[{"href":"https:\/\/www.aearraiolos.net\/index.php?rest_route=\/wp\/v2\/pages"}],"about":[{"href":"https:\/\/www.aearraiolos.net\/index.php?rest_route=\/wp\/v2\/types\/page"}],"author":[{"embeddable":true,"href":"https:\/\/www.aearraiolos.net\/index.php?rest_route=\/wp\/v2\/users\/1"}],"replies":[{"embeddable":true,"href":"https:\/\/www.aearraiolos.net\/index.php?rest_route=%2Fwp%2Fv2%2Fcomments&post=22"}],"version-history":[{"count":22,"href":"https:\/\/www.aearraiolos.net\/index.php?rest_route=\/wp\/v2\/pages\/22\/revisions"}],"predecessor-version":[{"id":5236,"href":"https:\/\/www.aearraiolos.net\/index.php?rest_route=\/wp\/v2\/pages\/22\/revisions\/5236"}],"wp:attachment":[{"href":"https:\/\/www.aearraiolos.net\/index.php?rest_route=%2Fwp%2Fv2%2Fmedia&parent=22"}],"curies":[{"name":"wp","href":"https:\/\/api.w.org\/{rel}","templated":true}]}}