{"id":20,"date":"2015-01-27T14:46:36","date_gmt":"2015-01-27T14:46:36","guid":{"rendered":"http:\/\/www.aearraiolos.net\/?page_id=20"},"modified":"2026-03-03T18:24:02","modified_gmt":"2026-03-03T18:24:02","slug":"documentos-estruturantes","status":"publish","type":"page","link":"https:\/\/www.aearraiolos.net\/?page_id=20","title":{"rendered":"Documentos Estruturantes"},"content":{"rendered":"\n<ul class=\"wp-block-list\">\n<li>Regulamento Interno<br>Pode ser consultado <a href=\"https:\/\/www.aearraiolos.net\/wp-content\/uploads\/2026\/03\/Regulamento-Interno-2025_29.pdf\" data-type=\"link\" data-id=\"https:\/\/www.aearraiolos.net\/wp-content\/uploads\/2026\/03\/Regulamento-Interno-2025_29.pdf\">aqui<\/a>, anexo <a href=\"https:\/\/www.aearraiolos.net\/wp-content\/uploads\/2020\/08\/Criterios-Const-tur-2020-21.pdf\">Crite\u0301rios para a constituic\u0327a\u0303o de turmas<\/a>.<\/li>\n\n\n\n<li>Projeto Educativo 2025-2029<br>Pode ser consultado <a href=\"https:\/\/www.aearraiolos.net\/wp-content\/uploads\/2026\/03\/PROJETO-EDUCATIVO-2025_29.pdf\" data-type=\"link\" data-id=\"https:\/\/www.aearraiolos.net\/wp-content\/uploads\/2026\/03\/PROJETO-EDUCATIVO-2025_29.pdf\">aqui<\/a>.<\/li>\n\n\n\n<li>Plano Anual de Atividades 2024-2025<br>Pode ser consultado&nbsp;<a href=\"https:\/\/aearraiolos.inovarmais.com\/paa\/\/viewer\/app\/index.html#\/home\" data-type=\"link\" data-id=\"https:\/\/aearraiolos.inovarmais.com\/paa\/\/viewer\/app\/index.html#\/home\">aqui<\/a>.<\/li>\n\n\n\n<li>Planos de Estudo e Desenvolvimento do Curr\u00edculo<br>Pode ser consultado&nbsp;<a href=\"https:\/\/www.aearraiolos.net\/wp-content\/uploads\/2025\/02\/Plano-de-Estudos-e-Desenvolvimento-do-Curriculo-_24_25.pdf\" data-type=\"link\" data-id=\"https:\/\/www.aearraiolos.net\/wp-content\/uploads\/2025\/02\/Plano-de-Estudos-e-Desenvolvimento-do-Curriculo-_24_25.pdf\">aqui<\/a>.<\/li>\n\n\n\n<li>Plano de A\u00e7\u00e3o para o Desenvolvimento Digital da Escola (PADDE)<br>Pode ser consultado <a href=\"https:\/\/www.aearraiolos.net\/wp-content\/uploads\/2024\/11\/PADDE-24-26.pdf\" data-type=\"link\" data-id=\"https:\/\/www.aearraiolos.net\/wp-content\/uploads\/2024\/11\/PADDE-24-26.pdf\">aqui<\/a>.<\/li>\n<\/ul>\n\n\n\n<p class=\"wp-block-paragraph\"><strong>RGPD<\/strong><\/p>\n\n\n\n<ul class=\"wp-block-list\">\n<li><a href=\"https:\/\/www.aearraiolos.net\/wp-content\/uploads\/2025\/03\/RGPD.pdf\" data-type=\"link\" data-id=\"https:\/\/www.aearraiolos.net\/wp-content\/uploads\/2025\/03\/RGPD.pdf\">Regulamento Geral de Prote\u00e7\u00e3o de Dados<\/a><\/li>\n\n\n\n<li><a href=\"https:\/\/www.aearraiolos.net\/wp-content\/uploads\/2025\/03\/RGPC_Designacao-de-RCN.pdf\" data-type=\"link\" data-id=\"https:\/\/www.aearraiolos.net\/wp-content\/uploads\/2025\/03\/RGPC_Designacao-de-RCN.pdf\">Designa\u00e7\u00e3o do Respons\u00e1vel pelo Normativo<\/a><\/li>\n\n\n\n<li><a href=\"https:\/\/www.aearraiolos.net\/wp-content\/uploads\/2025\/03\/Politica-de-Etica-e-integridade.pdf\" data-type=\"link\" data-id=\"https:\/\/www.aearraiolos.net\/wp-content\/uploads\/2025\/03\/Politica-de-Etica-e-integridade.pdf\">Politica de \u00c9tica e Integridade<\/a><\/li>\n\n\n\n<li><a href=\"https:\/\/www.aearraiolos.net\/wp-content\/uploads\/2025\/03\/Plano-de-Prevencao-de-Riscos-e-Infracoes-Conexas.pdf\" data-type=\"link\" data-id=\"https:\/\/www.aearraiolos.net\/wp-content\/uploads\/2025\/03\/Plano-de-Prevencao-de-Riscos-e-Infracoes-Conexas.pdf\">Plano de Preven\u00e7\u00e3o de Riscos e Infra\u00e7\u00f5es Conexas<\/a><\/li>\n\n\n\n<li><a href=\"https:\/\/www.aearraiolos.net\/wp-content\/uploads\/2025\/03\/Declaracao-de-compromisso-institucional.pdf\" data-type=\"link\" data-id=\"https:\/\/www.aearraiolos.net\/wp-content\/uploads\/2025\/03\/Declaracao-de-compromisso-institucional.pdf\">Declara\u00e7\u00e3o de compromisso institucional<\/a><\/li>\n\n\n\n<li><a href=\"https:\/\/www.aearraiolos.net\/wp-content\/uploads\/2025\/03\/Codigo-de-conduta.pdf\" data-type=\"link\" data-id=\"https:\/\/www.aearraiolos.net\/wp-content\/uploads\/2025\/03\/Codigo-de-conduta.pdf\">C\u00f3digo de conduta<\/a><\/li>\n\n\n\n<li><a href=\"https:\/\/www.aearraiolos.net\/wp-content\/uploads\/2025\/03\/RI_CA.pdf\" data-type=\"link\" data-id=\"https:\/\/www.aearraiolos.net\/wp-content\/uploads\/2025\/03\/RI_CA.pdf\">Regulamento Interno do Conselho Administrativo<\/a><\/li>\n\n\n\n<li><a href=\"https:\/\/www.aearraiolos.net\/wp-content\/uploads\/2025\/03\/Sistema-de-Controlo-Interno.pdf\" data-type=\"link\" data-id=\"https:\/\/www.aearraiolos.net\/wp-content\/uploads\/2025\/03\/Sistema-de-Controlo-Interno.pdf\">Sistema de Controlo Interno<\/a><\/li>\n<\/ul>\n\n\n\n<p class=\"wp-block-paragraph\"><strong>Outos Documentos<\/strong><\/p>\n\n\n\n<ul class=\"wp-block-list\">\n<li><a href=\"https:\/\/www.aearraiolos.net\/wp-content\/uploads\/2025\/03\/Reg.-SIGE_SIGA.pdf\" data-type=\"link\" data-id=\"https:\/\/www.aearraiolos.net\/wp-content\/uploads\/2025\/03\/Reg.-SIGE_SIGA.pdf\">Regulamento SIGE e SIGA<\/a><\/li>\n\n\n\n<li><a href=\"https:\/\/www.aearraiolos.net\/wp-content\/uploads\/2025\/03\/Reg.-Ajudas-de-custo-e-transportes.pdf\" data-type=\"link\" data-id=\"https:\/\/www.aearraiolos.net\/wp-content\/uploads\/2025\/03\/Reg.-Ajudas-de-custo-e-transportes.pdf\">Regulamento de ajudas de custos e transportes<\/a><\/li>\n<\/ul>\n","protected":false},"excerpt":{"rendered":"<p>RGPD Outos Documentos<\/p>\n","protected":false},"author":1,"featured_media":0,"parent":0,"menu_order":0,"comment_status":"closed","ping_status":"closed","template":"","meta":{"_crdt_document":"","footnotes":""},"class_list":["post-20","page","type-page","status-publish","hentry"],"_links":{"self":[{"href":"https:\/\/www.aearraiolos.net\/index.php?rest_route=\/wp\/v2\/pages\/20","targetHints":{"allow":["GET"]}}],"collection":[{"href":"https:\/\/www.aearraiolos.net\/index.php?rest_route=\/wp\/v2\/pages"}],"about":[{"href":"https:\/\/www.aearraiolos.net\/index.php?rest_route=\/wp\/v2\/types\/page"}],"author":[{"embeddable":true,"href":"https:\/\/www.aearraiolos.net\/index.php?rest_route=\/wp\/v2\/users\/1"}],"replies":[{"embeddable":true,"href":"https:\/\/www.aearraiolos.net\/index.php?rest_route=%2Fwp%2Fv2%2Fcomments&post=20"}],"version-history":[{"count":85,"href":"https:\/\/www.aearraiolos.net\/index.php?rest_route=\/wp\/v2\/pages\/20\/revisions"}],"predecessor-version":[{"id":5513,"href":"https:\/\/www.aearraiolos.net\/index.php?rest_route=\/wp\/v2\/pages\/20\/revisions\/5513"}],"wp:attachment":[{"href":"https:\/\/www.aearraiolos.net\/index.php?rest_route=%2Fwp%2Fv2%2Fmedia&parent=20"}],"curies":[{"name":"wp","href":"https:\/\/api.w.org\/{rel}","templated":true}]}}